{"id":2143,"date":"2019-11-28T14:04:40","date_gmt":"2019-11-28T13:04:40","guid":{"rendered":"https:\/\/www.sineria.com\/?page_id=2143"},"modified":"2024-07-18T12:11:14","modified_gmt":"2024-07-18T10:11:14","slug":"about-us","status":"publish","type":"page","link":"https:\/\/www.sineria.com\/es\/about-us\/","title":{"rendered":"Sobre nosotros"},"content":{"rendered":"<div data-elementor-type=\"wp-page\" data-elementor-id=\"2143\" class=\"elementor elementor-2143\" data-elementor-post-type=\"page\">\n\t\t\t\t\t\t<section class=\"elementor-section elementor-top-section elementor-element elementor-element-66a52dc elementor-section-boxed elementor-section-height-default elementor-section-height-default\" data-id=\"66a52dc\" data-element_type=\"section\" data-e-type=\"section\">\n\t\t\t\t\t\t<div class=\"elementor-container elementor-column-gap-default\">\n\t\t\t\t\t<div class=\"elementor-column elementor-col-100 elementor-top-column elementor-element elementor-element-db6f316\" data-id=\"db6f316\" data-element_type=\"column\" data-e-type=\"column\">\n\t\t\t<div class=\"elementor-widget-wrap\">\n\t\t\t\t\t\t\t<\/div>\n\t\t<\/div>\n\t\t\t\t\t<\/div>\n\t\t<\/section>\n\t\t\t\t<section class=\"elementor-section elementor-top-section elementor-element elementor-element-35be328 elementor-section-stretched elementor-section-boxed elementor-section-height-default elementor-section-height-default elementor-invisible\" data-id=\"35be328\" data-element_type=\"section\" data-e-type=\"section\" data-settings=\"{&quot;background_background&quot;:&quot;classic&quot;,&quot;stretch_section&quot;:&quot;section-stretched&quot;,&quot;animation&quot;:&quot;fadeIn&quot;}\">\n\t\t\t\t\t\t<div class=\"elementor-container elementor-column-gap-extended\">\n\t\t\t\t\t<div class=\"elementor-column elementor-col-100 elementor-top-column elementor-element elementor-element-09db188\" data-id=\"09db188\" data-element_type=\"column\" data-e-type=\"column\">\n\t\t\t<div class=\"elementor-widget-wrap elementor-element-populated\">\n\t\t\t\t\t\t<div class=\"elementor-element elementor-element-9764635 elementor-widget elementor-widget-heading\" data-id=\"9764635\" data-element_type=\"widget\" data-e-type=\"widget\" data-settings=\"{&quot;_animation&quot;:&quot;none&quot;,&quot;_animation_delay&quot;:700}\" data-widget_type=\"heading.default\">\n\t\t\t\t<div class=\"elementor-widget-container\">\n\t\t\t\t\t<h2 class=\"elementor-heading-title elementor-size-default\">Sobre nosotros<\/h2>\t\t\t\t<\/div>\n\t\t\t\t<\/div>\n\t\t\t\t<div class=\"elementor-element elementor-element-56bfa71 elementor-widget elementor-widget-text-editor\" data-id=\"56bfa71\" data-element_type=\"widget\" data-e-type=\"widget\" data-widget_type=\"text-editor.default\">\n\t\t\t\t<div class=\"elementor-widget-container\">\n\t\t\t\t\t\t\t\t\t<p><span style=\"font-size: 11.5pt;\">Con una amplia red de distribuidores en 3 continentes,&nbsp;<\/span><b style=\"font-size: 11.5pt; font-style: inherit;\">Sineria<\/b><span style=\"font-size: 11.5pt;\">&nbsp;ha experimentado un r\u00e1pido crecimiento desde su fundaci\u00f3n.&nbsp;<\/span><b style=\"font-size: 11.5pt; font-style: inherit;\">Sineria<\/b><span style=\"font-size: 11.5pt;\">&nbsp;es reconocida por su trabajo de investigaci\u00f3n pionero en protecci\u00f3n y nutrici\u00f3n de cultivos, as\u00ed como por su desarrollo de productos nutricionales formulados como suspensi\u00f3n concentrada<\/span>.<\/p>\n<p><b style=\"font-style: inherit;\"><span style=\"font-size: 11.5pt;\">Sineria<\/span><\/b><span style=\"font-size: 11.5pt;\">&nbsp;ha realizado una extensa investigaci\u00f3n y trabajo de prueba, en laboratorios y en el campo, junto con numerosos institutos de investigaci\u00f3n gubernamentales y privados en todo el mundo para comprender mejor las complejidades de la protecci\u00f3n y la nutrici\u00f3n de cultivos<\/span>.<\/p>\n<p><b style=\"font-style: inherit;\"><span style=\"font-size: 11.5pt;\">Sineria<\/span><\/b><span style=\"font-size: 11.5pt;\">&nbsp;se compromete a brindar soluciones sostenibles a la industria agr\u00edcola. Ofrecemos una amplia gama de productos especializados, as\u00ed como soluciones fitosanitarias de alta calidad, que cumplen con los est\u00e1ndares globales. Tambi\u00e9n ofrecemos servicios t\u00e9cnicos y de respaldo para mejorar nuestro soporte a nuestros clientes<\/span>.<\/p>\n<p><b style=\"font-style: inherit;\"><span style=\"font-size: 11.5pt;\">Sineria<\/span><\/b><span style=\"font-size: 11.5pt;\">&nbsp;tiene una gran experiencia t\u00e9cnica para respaldar activamente tanto el desarrollo como el registro de productos. Nuestro trabajo toxicol\u00f3gico y de registro se realiza internamente y cuenta con el respaldo de laboratorios acreditados GLP y Non-GLP en Europa, Am\u00e9rica Latina y China<\/span>.<\/p>\t\t\t\t\t\t\t\t<\/div>\n\t\t\t\t<\/div>\n\t\t\t\t\t<\/div>\n\t\t<\/div>\n\t\t\t\t\t<\/div>\n\t\t<\/section>\n\t\t\t\t<section class=\"elementor-section elementor-top-section elementor-element elementor-element-84992e1 elementor-section-stretched elementor-section-boxed elementor-section-height-default elementor-section-height-default elementor-invisible\" data-id=\"84992e1\" data-element_type=\"section\" data-e-type=\"section\" data-settings=\"{&quot;background_background&quot;:&quot;classic&quot;,&quot;stretch_section&quot;:&quot;section-stretched&quot;,&quot;animation&quot;:&quot;fadeIn&quot;}\">\n\t\t\t\t\t\t<div class=\"elementor-container elementor-column-gap-extended\">\n\t\t\t\t\t<div class=\"elementor-column elementor-col-100 elementor-top-column elementor-element elementor-element-bd3536e\" data-id=\"bd3536e\" data-element_type=\"column\" data-e-type=\"column\">\n\t\t\t<div class=\"elementor-widget-wrap elementor-element-populated\">\n\t\t\t\t\t\t<div class=\"elementor-element elementor-element-119ecb3 elementor-widget elementor-widget-text-editor\" data-id=\"119ecb3\" data-element_type=\"widget\" data-e-type=\"widget\" data-widget_type=\"text-editor.default\">\n\t\t\t\t<div class=\"elementor-widget-container\">\n\t\t\t\t\t\t\t\t\t<p><span style=\"font-size: 11.5pt;\">Adem\u00e1s,\u00a0<b>Sineria<\/b>\u00a0se compromete a proporcionar productos de alto rendimiento y derivados naturales que promueven la salud de las plantas y controlan las malezas, plagas y enfermedades de las plantas en una amplia gama de cultivos. Los productores encontrar\u00e1n que las soluciones para cultivos de\u00a0<b>Sineria<\/b>\u00a0son herramientas valiosas y vers\u00e1tiles que pueden mejorar la eficiencia y efectividad de los programas de manejo integrado de plagas (MIP) y manejo integrado de resistencia (MIR).<\/span><\/p><p><span style=\"font-size: 11.5pt;\">La gama de fertilizantes l\u00edquidos totalmente solubles en agua que ofrece<b>\u00a0Sineria<\/b> contienen macro y micro elementos en soluciones altamente concentradas y son \u00fanicos a nivel mundial tanto en formulaci\u00f3n como en concentraci\u00f3n. La amplia gama de productos cubre arrancadores y mejoradores del desarrollo de los cultivos, tratamientos de semillas, activadores org\u00e1nicos, elementos principales y elementos secundarios (incluidos los quelatos).<\/span><\/p><p><b style=\"font-style: inherit;\">Sineria<\/b><span style=\"font-size: 15px;\">\u00a0<\/span><span style=\"font-size: 11.5pt;\">es una empresa conocida en regiones claves y que coopera con productores multinacionales. Tambi\u00e9n estamos sirviendo como enlace entre fabricantes, distribuidores y usuarios finales globales en \u00c1frica, Europa, Am\u00e9rica Latina y el Medio Oriente.<\/span><\/p>\t\t\t\t\t\t\t\t<\/div>\n\t\t\t\t<\/div>\n\t\t\t\t\t<\/div>\n\t\t<\/div>\n\t\t\t\t\t<\/div>\n\t\t<\/section>\n\t\t\t\t<\/div>","protected":false},"excerpt":{"rendered":"<p>About Us With a widespread network of distributors in 3 continents,&nbsp;Sineria&nbsp;has experienced rapid growth since its foundation.&nbsp;Sineria&nbsp;is renowned for its pioneering research work in crop protection and nutrition as well as for its development of suspension concentrate nutritional products. Sineria&nbsp;has undertaken extensive research and trial work, in laboratories and in the field, together with numerous [&hellip;]<\/p>\n","protected":false},"author":22,"featured_media":0,"parent":0,"menu_order":0,"comment_status":"closed","ping_status":"closed","template":"elementor_header_footer","meta":{"site-sidebar-layout":"default","site-content-layout":"default","ast-site-content-layout":"default","site-content-style":"default","site-sidebar-style":"default","ast-global-header-display":"","ast-banner-title-visibility":"","ast-main-header-display":"","ast-hfb-above-header-display":"","ast-hfb-below-header-display":"","ast-hfb-mobile-header-display":"","site-post-title":"","ast-breadcrumbs-content":"","ast-featured-img":"","footer-sml-layout":"","ast-disable-related-posts":"","theme-transparent-header-meta":"default","adv-header-id-meta":"","stick-header-meta":"","header-above-stick-meta":"","header-main-stick-meta":"","header-below-stick-meta":"","astra-migrate-meta-layouts":"default","ast-page-background-enabled":"default","ast-page-background-meta":{"desktop":{"background-color":"","background-image":"","background-repeat":"repeat","background-position":"center center","background-size":"auto","background-attachment":"scroll","background-type":"","background-media":"","overlay-type":"","overlay-color":"","overlay-opacity":"","overlay-gradient":""},"tablet":{"background-color":"","background-image":"","background-repeat":"repeat","background-position":"center center","background-size":"auto","background-attachment":"scroll","background-type":"","background-media":"","overlay-type":"","overlay-color":"","overlay-opacity":"","overlay-gradient":""},"mobile":{"background-color":"","background-image":"","background-repeat":"repeat","background-position":"center center","background-size":"auto","background-attachment":"scroll","background-type":"","background-media":"","overlay-type":"","overlay-color":"","overlay-opacity":"","overlay-gradient":""}},"ast-content-background-meta":{"desktop":{"background-color":"var(--ast-global-color-5)","background-image":"","background-repeat":"repeat","background-position":"center center","background-size":"auto","background-attachment":"scroll","background-type":"","background-media":"","overlay-type":"","overlay-color":"","overlay-opacity":"","overlay-gradient":""},"tablet":{"background-color":"var(--ast-global-color-5)","background-image":"","background-repeat":"repeat","background-position":"center center","background-size":"auto","background-attachment":"scroll","background-type":"","background-media":"","overlay-type":"","overlay-color":"","overlay-opacity":"","overlay-gradient":""},"mobile":{"background-color":"var(--ast-global-color-5)","background-image":"","background-repeat":"repeat","background-position":"center center","background-size":"auto","background-attachment":"scroll","background-type":"","background-media":"","overlay-type":"","overlay-color":"","overlay-opacity":"","overlay-gradient":""}},"footnotes":""},"class_list":["post-2143","page","type-page","status-publish","hentry"],"_links":{"self":[{"href":"https:\/\/www.sineria.com\/es\/wp-json\/wp\/v2\/pages\/2143","targetHints":{"allow":["GET"]}}],"collection":[{"href":"https:\/\/www.sineria.com\/es\/wp-json\/wp\/v2\/pages"}],"about":[{"href":"https:\/\/www.sineria.com\/es\/wp-json\/wp\/v2\/types\/page"}],"author":[{"embeddable":true,"href":"https:\/\/www.sineria.com\/es\/wp-json\/wp\/v2\/users\/22"}],"replies":[{"embeddable":true,"href":"https:\/\/www.sineria.com\/es\/wp-json\/wp\/v2\/comments?post=2143"}],"version-history":[{"count":5,"href":"https:\/\/www.sineria.com\/es\/wp-json\/wp\/v2\/pages\/2143\/revisions"}],"predecessor-version":[{"id":6321,"href":"https:\/\/www.sineria.com\/es\/wp-json\/wp\/v2\/pages\/2143\/revisions\/6321"}],"wp:attachment":[{"href":"https:\/\/www.sineria.com\/es\/wp-json\/wp\/v2\/media?parent=2143"}],"curies":[{"name":"wp","href":"https:\/\/api.w.org\/{rel}","templated":true}]}}